{"id":1388,"date":"2023-07-23T23:49:57","date_gmt":"2023-07-23T20:49:57","guid":{"rendered":"https:\/\/heni.com.tr\/en\/?page_id=1388"},"modified":"2023-07-23T23:49:58","modified_gmt":"2023-07-23T20:49:58","slug":"wholesale-cosmetics-sale","status":"publish","type":"page","link":"https:\/\/heni.com.tr\/en\/wholesale-cosmetics-sale\/","title":{"rendered":"Wholesale Cosmetics Sale : Profitable business opportunity!"},"content":{"rendered":"\n<div class=\"wp-block-cover alignfull\" style=\"min-height:263px;aspect-ratio:unset;\"><span aria-hidden=\"true\" class=\"wp-block-cover__background has-ast-global-color-1-background-color has-background-dim-100 has-background-dim\"><\/span><div class=\"wp-block-cover__inner-container is-layout-flow wp-block-cover-is-layout-flow\">\n<h1 class=\"wp-block-heading has-text-align-center has-white-color has-text-color\" style=\"font-size:27px;font-style:normal;font-weight:600;text-transform:capitalize\">Wholesale Cosmetics Sale : Profitable business opportunity!<\/h1>\n<\/div><\/div>\n\n\n\n<div class=\"wp-block-columns has-ast-global-color-5-background-color has-background is-layout-flex wp-container-core-columns-is-layout-28f84493 wp-block-columns-is-layout-flex\">\n<div class=\"wp-block-column is-vertically-aligned-center is-layout-flow wp-block-column-is-layout-flow\">\n<p>Wholesale cosmetics sale is an issue that many people are curious about. Increasing use of cosmetics and especially <a href=\"https:\/\/turkeyexportline.com.tr\/requests\" target=\"_blank\" rel=\"noreferrer noopener\">export demands<\/a> make this issue even more interesting. So it would be better to get into the subject without keeping you waiting any longer.<\/p>\n\n\n\n<p>The beauty and care industry is a fast growing and profitable sector. Wholesale cosmetics sale in this sector offers an attractive business opportunity for entrepreneurs. Wholesaling cosmetics is buying cosmetics in large quantities and offering them to customers at wholesale prices below the retail price. In this article, we will discuss the advantages of wholesale cosmetics and tips for building a successful business.<\/p>\n<\/div>\n\n\n\n<div class=\"wp-block-column is-layout-flow wp-block-column-is-layout-flow\">\n<figure class=\"wp-block-image size-full\"><img decoding=\"async\" width=\"500\" height=\"500\" src=\"https:\/\/heni.com.tr\/wp-content\/uploads\/sites\/2\/2023\/07\/toptan-kozmetik-satisi.webp\" alt=\"toptan kozmetik sat\u0131\u015f\u0131, wholesale cosmetics sale\" class=\"wp-image-1379\" srcset=\"https:\/\/heni.com.tr\/en\/wp-content\/uploads\/sites\/2\/2023\/07\/toptan-kozmetik-satisi.webp 500w, https:\/\/heni.com.tr\/en\/wp-content\/uploads\/sites\/2\/2023\/07\/toptan-kozmetik-satisi-300x300.webp 300w, https:\/\/heni.com.tr\/en\/wp-content\/uploads\/sites\/2\/2023\/07\/toptan-kozmetik-satisi-150x150.webp 150w\" sizes=\"(max-width: 500px) 100vw, 500px\" \/><figcaption class=\"wp-element-caption\">Grow your business with wholesale cosmetics! You can order cosmetics at affordable prices and high quality guaranteed from the factory.<\/figcaption><\/figure>\n<\/div>\n<\/div>\n\n\n\n<div class=\"inherit-container-width wp-block-group has-ast-global-color-5-background-color has-background is-layout-constrained wp-block-group-is-layout-constrained\"><div class=\"wp-block-group__inner-container\">\n<h2 class=\"wp-block-heading\">Advantages of Wholesale Cosmetics:<\/h2>\n\n\n\n<p><strong>Lower costs:<\/strong> When you buy cosmetics in bulk, unit prices are usually below the retail price. This allows you to source products at lower costs and increases your profit margin.<\/p>\n\n\n\n<p><strong>Wide range of products:<\/strong> Wholesale cosmetics sellers usually have a wide range of products. You can wholesale a variety of products such as makeup products, skincare, haircare, perfumes and more. This helps you give your customers a wide choice.<\/p>\n\n\n\n<p><strong>Loyal customer base:<\/strong> Cosmetics are often products that are used on a regular basis. You can build a solid customer base with products that your customers will supply on a regular basis. Loyal customers will be a valuable asset for growing your business.<\/p>\n<\/div><\/div>\n\n\n\n<div style=\"height:25px\" aria-hidden=\"true\" class=\"wp-block-spacer\"><\/div>\n\n\n\n<div class=\"inherit-container-width wp-block-group has-ast-global-color-5-background-color has-background is-layout-constrained wp-block-group-is-layout-constrained\"><div class=\"wp-block-group__inner-container\">\n<h2 class=\"wp-block-heading\">Tips for Starting a Successful Business:<\/h2>\n\n\n\n<p><strong>Market Research:<\/strong> Conduct market research to understand trends and customer preferences in the cosmetics industry. Identify which products are popular and which customer segments you should focus on.<\/p>\n\n\n\n<p><strong>Supplier Selection:<\/strong> It is important to work with suppliers that offer reliable and quality products. By cooperating with manufacturers, distributors or wholesalers who provide wholesale cosmetic products, you can obtain quality products at competitive prices. It will be useful to prefer <strong><a href=\"https:\/\/heni.com.tr\/en\/cosmetics-manufacturers-turkey\/\" target=\"_blank\" rel=\"noreferrer noopener\">cosmetics manufacturers<\/a><\/strong> in supplier selection.<\/p>\n\n\n\n<p><strong>Building Online Presence:<\/strong> Build an online presence to promote your business and reach customers. Strengthen your brand with a well-designed website, social media accounts and digital marketing strategies.<\/p>\n\n\n\n<p><strong>Customer Service:<\/strong> Customer satisfaction is critical to a successful business. Responding to customer requests quickly and effectively will strengthen customer relationships and gain loyal customers.<\/p>\n\n\n\n<p><strong>Collaborations:<\/strong> You can expand your customer base by collaborating with related industries. By partnering with businesses such as hair salons, spa centers or beauticians, you can build a mutually beneficial relationship.<\/p>\n<\/div><\/div>\n\n\n\n<div style=\"height:20px\" aria-hidden=\"true\" class=\"wp-block-spacer\"><\/div>\n\n\n\n<div class=\"inherit-container-width wp-block-group has-ast-global-color-5-background-color has-background is-layout-constrained wp-block-group-is-layout-constrained\"><div class=\"wp-block-group__inner-container\">\n<h3 class=\"wp-block-heading\">Can Wholesale Cosmetics Selling Be Your Future Business?<\/h3>\n\n\n\n<p><strong>Wholesale cosmetics<\/strong> offers an exciting business opportunity for entrepreneurs. With advantages such as lower costs, a wide range of products and a loyal customer base, it can help you succeed in the cosmetics industry. By conducting market research, working with trusted suppliers, establishing an online presence, providing customer-oriented service and building partnerships, you can build a growing business in wholesale cosmetics. Remember, quality products and a customer satisfaction-oriented approach are always the key to success.<\/p>\n\n\n\n<div style=\"height:20px\" aria-hidden=\"true\" class=\"wp-block-spacer\"><\/div>\n\n\n\n<h2 class=\"wp-block-heading\">FAQs About Wholesale Cosmetics Sale<\/h2>\n\n\n\n<div class=\"schema-faq wp-block-yoast-faq-block\"><div class=\"schema-faq-section\" id=\"faq-question-1689611962332\"><strong class=\"schema-faq-question\">What documents are required to sell cosmetic products?<\/strong> <p class=\"schema-faq-answer\">In order to be able to sell, it will be enough to be a taxpayer. Thus, you can sell the products you buy from <strong><a href=\"https:\/\/heni.com.tr\/en\/\" target=\"_blank\" rel=\"noreferrer noopener\">cosmetics factories<\/a><\/strong> wholesale.<\/p> <\/div> <div class=\"schema-faq-section\" id=\"faq-question-1689612017680\"><strong class=\"schema-faq-question\">I want to sell cosmetics abroad, is this possible?<\/strong> <p class=\"schema-faq-answer\">Selling abroad can be challenging if you are not experienced. Each country has its own import procedures. For this reason, we recommend that you get professional support.<\/p> <\/div> <\/div>\n<\/div><\/div>\n\n\n<div class=\"kk-star-ratings kksr-auto kksr-align-left kksr-valign-bottom\"\n    data-payload='{&quot;align&quot;:&quot;left&quot;,&quot;id&quot;:&quot;1388&quot;,&quot;slug&quot;:&quot;default&quot;,&quot;valign&quot;:&quot;bottom&quot;,&quot;ignore&quot;:&quot;&quot;,&quot;reference&quot;:&quot;auto&quot;,&quot;class&quot;:&quot;&quot;,&quot;count&quot;:&quot;36&quot;,&quot;legendonly&quot;:&quot;&quot;,&quot;readonly&quot;:&quot;&quot;,&quot;score&quot;:&quot;5&quot;,&quot;starsonly&quot;:&quot;&quot;,&quot;best&quot;:&quot;5&quot;,&quot;gap&quot;:&quot;5&quot;,&quot;greet&quot;:&quot;Rate this page&quot;,&quot;legend&quot;:&quot;5\\\/5 - (36 votes)&quot;,&quot;size&quot;:&quot;24&quot;,&quot;title&quot;:&quot;Wholesale Cosmetics Sale : Profitable business opportunity!&quot;,&quot;width&quot;:&quot;142.5&quot;,&quot;_legend&quot;:&quot;{score}\\\/{best} - ({count} {votes})&quot;,&quot;font_factor&quot;:&quot;1.25&quot;}'>\n            \n<div class=\"kksr-stars\">\n    \n<div class=\"kksr-stars-inactive\">\n            <div class=\"kksr-star\" data-star=\"1\" style=\"padding-right: 5px\">\n            \n\n<div class=\"kksr-icon\" style=\"width: 24px; height: 24px;\"><\/div>\n        <\/div>\n            <div class=\"kksr-star\" data-star=\"2\" style=\"padding-right: 5px\">\n            \n\n<div class=\"kksr-icon\" style=\"width: 24px; height: 24px;\"><\/div>\n        <\/div>\n            <div class=\"kksr-star\" data-star=\"3\" style=\"padding-right: 5px\">\n            \n\n<div class=\"kksr-icon\" style=\"width: 24px; height: 24px;\"><\/div>\n        <\/div>\n            <div class=\"kksr-star\" data-star=\"4\" style=\"padding-right: 5px\">\n            \n\n<div class=\"kksr-icon\" style=\"width: 24px; height: 24px;\"><\/div>\n        <\/div>\n            <div class=\"kksr-star\" data-star=\"5\" style=\"padding-right: 5px\">\n            \n\n<div class=\"kksr-icon\" style=\"width: 24px; height: 24px;\"><\/div>\n        <\/div>\n    <\/div>\n    \n<div class=\"kksr-stars-active\" style=\"width: 142.5px;\">\n            <div class=\"kksr-star\" style=\"padding-right: 5px\">\n            \n\n<div class=\"kksr-icon\" style=\"width: 24px; height: 24px;\"><\/div>\n        <\/div>\n            <div class=\"kksr-star\" style=\"padding-right: 5px\">\n            \n\n<div class=\"kksr-icon\" style=\"width: 24px; height: 24px;\"><\/div>\n        <\/div>\n            <div class=\"kksr-star\" style=\"padding-right: 5px\">\n            \n\n<div class=\"kksr-icon\" style=\"width: 24px; height: 24px;\"><\/div>\n        <\/div>\n            <div class=\"kksr-star\" style=\"padding-right: 5px\">\n            \n\n<div class=\"kksr-icon\" style=\"width: 24px; height: 24px;\"><\/div>\n        <\/div>\n            <div class=\"kksr-star\" style=\"padding-right: 5px\">\n            \n\n<div class=\"kksr-icon\" style=\"width: 24px; height: 24px;\"><\/div>\n        <\/div>\n    <\/div>\n<\/div>\n                \n\n<div class=\"kksr-legend\" style=\"font-size: 19.2px;\">\n            5\/5 - (36 votes)    <\/div>\n    <\/div>\n","protected":false},"excerpt":{"rendered":"<p>Wholesale cosmetics sale is an issue that many people are curious about. Increasing use of cosmetics and especially export demands make this issue even more interesting. So it would be better to get into the subject without keeping you waiting any longer. The beauty and care industry is a fast growing and profitable sector. Wholesale [&hellip;]<\/p>\n","protected":false},"author":1,"featured_media":1379,"parent":0,"menu_order":0,"comment_status":"open","ping_status":"closed","template":"","meta":{"site-sidebar-layout":"default","site-content-layout":"plain-container","ast-site-content-layout":"default","site-content-style":"default","site-sidebar-style":"default","ast-global-header-display":"","ast-banner-title-visibility":"","ast-main-header-display":"","ast-hfb-above-header-display":"","ast-hfb-below-header-display":"","ast-hfb-mobile-header-display":"","site-post-title":"disabled","ast-breadcrumbs-content":"","ast-featured-img":"disabled","footer-sml-layout":"","ast-disable-related-posts":"","theme-transparent-header-meta":"enabled","adv-header-id-meta":"","stick-header-meta":"","header-above-stick-meta":"","header-main-stick-meta":"","header-below-stick-meta":"","astra-migrate-meta-layouts":"default","ast-page-background-enabled":"default","ast-page-background-meta":{"desktop":{"background-color":"","background-image":"","background-repeat":"repeat","background-position":"center center","background-size":"auto","background-attachment":"scroll","background-type":"","background-media":"","overlay-type":"","overlay-color":"","overlay-opacity":"","overlay-gradient":""},"tablet":{"background-color":"","background-image":"","background-repeat":"repeat","background-position":"center center","background-size":"auto","background-attachment":"scroll","background-type":"","background-media":"","overlay-type":"","overlay-color":"","overlay-opacity":"","overlay-gradient":""},"mobile":{"background-color":"","background-image":"","background-repeat":"repeat","background-position":"center center","background-size":"auto","background-attachment":"scroll","background-type":"","background-media":"","overlay-type":"","overlay-color":"","overlay-opacity":"","overlay-gradient":""}},"ast-content-background-meta":{"desktop":{"background-color":"var(--ast-global-color-5)","background-image":"","background-repeat":"repeat","background-position":"center center","background-size":"auto","background-attachment":"scroll","background-type":"","background-media":"","overlay-type":"","overlay-color":"","overlay-opacity":"","overlay-gradient":""},"tablet":{"background-color":"var(--ast-global-color-5)","background-image":"","background-repeat":"repeat","background-position":"center center","background-size":"auto","background-attachment":"scroll","background-type":"","background-media":"","overlay-type":"","overlay-color":"","overlay-opacity":"","overlay-gradient":""},"mobile":{"background-color":"var(--ast-global-color-5)","background-image":"","background-repeat":"repeat","background-position":"center center","background-size":"auto","background-attachment":"scroll","background-type":"","background-media":"","overlay-type":"","overlay-color":"","overlay-opacity":"","overlay-gradient":""}},"footnotes":""},"class_list":["post-1388","page","type-page","status-publish","has-post-thumbnail","hentry"],"yoast_head":"<!-- This site is optimized with the Yoast SEO plugin v27.2 - https:\/\/yoast.com\/product\/yoast-seo-wordpress\/ -->\n<title>Wholesale Cosmetics Sale: Profitable business! l Heni Cosmetics 1<\/title>\n<meta name=\"description\" content=\"Grow your business with wholesale cosmetics sale! You can order cosmetics at affordable prices and high quality guaranteed from the factory.\" \/>\n<meta name=\"robots\" content=\"index, follow, max-snippet:-1, max-image-preview:large, max-video-preview:-1\" \/>\n<link rel=\"canonical\" href=\"https:\/\/heni.com.tr\/en\/wholesale-cosmetics-sale\/\" \/>\n<meta property=\"og:locale\" content=\"en_US\" \/>\n<meta property=\"og:type\" content=\"article\" \/>\n<meta property=\"og:title\" content=\"Wholesale Cosmetics Sale: Profitable business! l Heni Cosmetics 1\" \/>\n<meta property=\"og:description\" content=\"Grow your business with wholesale cosmetics sale! You can order cosmetics at affordable prices and high quality guaranteed from the factory.\" \/>\n<meta property=\"og:url\" content=\"https:\/\/heni.com.tr\/en\/wholesale-cosmetics-sale\/\" \/>\n<meta property=\"og:site_name\" content=\"Heni Cosmetics Chemical Industry\" \/>\n<meta property=\"article:modified_time\" content=\"2023-07-23T20:49:58+00:00\" \/>\n<meta property=\"og:image\" content=\"https:\/\/heni.com.tr\/en\/wp-content\/uploads\/sites\/2\/2023\/07\/toptan-kozmetik-satisi.webp\" \/>\n\t<meta property=\"og:image:width\" content=\"500\" \/>\n\t<meta property=\"og:image:height\" content=\"500\" \/>\n\t<meta property=\"og:image:type\" content=\"image\/webp\" \/>\n<meta name=\"twitter:card\" content=\"summary_large_image\" \/>\n<meta name=\"twitter:label1\" content=\"Est. reading time\" \/>\n\t<meta name=\"twitter:data1\" content=\"3 minutes\" \/>\n<script type=\"application\/ld+json\" class=\"yoast-schema-graph\">{\"@context\":\"https:\/\/schema.org\",\"@graph\":[{\"@type\":[\"WebPage\",\"FAQPage\"],\"@id\":\"https:\/\/heni.com.tr\/en\/wholesale-cosmetics-sale\/\",\"url\":\"https:\/\/heni.com.tr\/en\/wholesale-cosmetics-sale\/\",\"name\":\"Wholesale Cosmetics Sale: Profitable business! l Heni Cosmetics 1\",\"isPartOf\":{\"@id\":\"https:\/\/heni.com.tr\/en\/#website\"},\"primaryImageOfPage\":{\"@id\":\"https:\/\/heni.com.tr\/en\/wholesale-cosmetics-sale\/#primaryimage\"},\"image\":{\"@id\":\"https:\/\/heni.com.tr\/en\/wholesale-cosmetics-sale\/#primaryimage\"},\"thumbnailUrl\":\"https:\/\/heni.com.tr\/en\/wp-content\/uploads\/sites\/2\/2023\/07\/toptan-kozmetik-satisi.webp\",\"datePublished\":\"2023-07-23T20:49:57+00:00\",\"dateModified\":\"2023-07-23T20:49:58+00:00\",\"description\":\"Grow your business with wholesale cosmetics sale! You can order cosmetics at affordable prices and high quality guaranteed from the factory.\",\"breadcrumb\":{\"@id\":\"https:\/\/heni.com.tr\/en\/wholesale-cosmetics-sale\/#breadcrumb\"},\"mainEntity\":[{\"@id\":\"https:\/\/heni.com.tr\/en\/wholesale-cosmetics-sale\/#faq-question-1689611962332\"},{\"@id\":\"https:\/\/heni.com.tr\/en\/wholesale-cosmetics-sale\/#faq-question-1689612017680\"}],\"inLanguage\":\"en-US\",\"potentialAction\":[{\"@type\":\"ReadAction\",\"target\":[\"https:\/\/heni.com.tr\/en\/wholesale-cosmetics-sale\/\"]}]},{\"@type\":\"ImageObject\",\"inLanguage\":\"en-US\",\"@id\":\"https:\/\/heni.com.tr\/en\/wholesale-cosmetics-sale\/#primaryimage\",\"url\":\"https:\/\/heni.com.tr\/en\/wp-content\/uploads\/sites\/2\/2023\/07\/toptan-kozmetik-satisi.webp\",\"contentUrl\":\"https:\/\/heni.com.tr\/en\/wp-content\/uploads\/sites\/2\/2023\/07\/toptan-kozmetik-satisi.webp\",\"width\":500,\"height\":500,\"caption\":\"\u00c7e\u015fitlilik ve Uygun Fiyatlarla Toptan Kozmetik Sat\u0131\u015f\u0131\"},{\"@type\":\"BreadcrumbList\",\"@id\":\"https:\/\/heni.com.tr\/en\/wholesale-cosmetics-sale\/#breadcrumb\",\"itemListElement\":[{\"@type\":\"ListItem\",\"position\":1,\"name\":\"Anasayfa\",\"item\":\"https:\/\/heni.com.tr\/en\/\"},{\"@type\":\"ListItem\",\"position\":2,\"name\":\"Wholesale Cosmetics Sale : Profitable business opportunity!\"}]},{\"@type\":\"WebSite\",\"@id\":\"https:\/\/heni.com.tr\/en\/#website\",\"url\":\"https:\/\/heni.com.tr\/en\/\",\"name\":\"Heni Cosmetics Chemical Industry\",\"description\":\"Cleaning &amp; Cosmetics Manufacturer\",\"potentialAction\":[{\"@type\":\"SearchAction\",\"target\":{\"@type\":\"EntryPoint\",\"urlTemplate\":\"https:\/\/heni.com.tr\/en\/?s={search_term_string}\"},\"query-input\":{\"@type\":\"PropertyValueSpecification\",\"valueRequired\":true,\"valueName\":\"search_term_string\"}}],\"inLanguage\":\"en-US\"},{\"@type\":\"Question\",\"@id\":\"https:\/\/heni.com.tr\/en\/wholesale-cosmetics-sale\/#faq-question-1689611962332\",\"position\":1,\"url\":\"https:\/\/heni.com.tr\/en\/wholesale-cosmetics-sale\/#faq-question-1689611962332\",\"name\":\"What documents are required to sell cosmetic products?\",\"answerCount\":1,\"acceptedAnswer\":{\"@type\":\"Answer\",\"text\":\"In order to be able to sell, it will be enough to be a taxpayer. Thus, you can sell the products you buy from <strong><a href=\\\"https:\/\/heni.com.tr\/en\/\\\" target=\\\"_blank\\\" rel=\\\"noreferrer noopener\\\">cosmetics factories<\/a><\/strong> wholesale.\",\"inLanguage\":\"en-US\"},\"inLanguage\":\"en-US\"},{\"@type\":\"Question\",\"@id\":\"https:\/\/heni.com.tr\/en\/wholesale-cosmetics-sale\/#faq-question-1689612017680\",\"position\":2,\"url\":\"https:\/\/heni.com.tr\/en\/wholesale-cosmetics-sale\/#faq-question-1689612017680\",\"name\":\"I want to sell cosmetics abroad, is this possible?\",\"answerCount\":1,\"acceptedAnswer\":{\"@type\":\"Answer\",\"text\":\"Selling abroad can be challenging if you are not experienced. Each country has its own import procedures. For this reason, we recommend that you get professional support.\",\"inLanguage\":\"en-US\"},\"inLanguage\":\"en-US\"}]}<\/script>\n<!-- \/ Yoast SEO plugin. -->","yoast_head_json":{"title":"Wholesale Cosmetics Sale: Profitable business! l Heni Cosmetics 1","description":"Grow your business with wholesale cosmetics sale! You can order cosmetics at affordable prices and high quality guaranteed from the factory.","robots":{"index":"index","follow":"follow","max-snippet":"max-snippet:-1","max-image-preview":"max-image-preview:large","max-video-preview":"max-video-preview:-1"},"canonical":"https:\/\/heni.com.tr\/en\/wholesale-cosmetics-sale\/","og_locale":"en_US","og_type":"article","og_title":"Wholesale Cosmetics Sale: Profitable business! l Heni Cosmetics 1","og_description":"Grow your business with wholesale cosmetics sale! You can order cosmetics at affordable prices and high quality guaranteed from the factory.","og_url":"https:\/\/heni.com.tr\/en\/wholesale-cosmetics-sale\/","og_site_name":"Heni Cosmetics Chemical Industry","article_modified_time":"2023-07-23T20:49:58+00:00","og_image":[{"width":500,"height":500,"url":"https:\/\/heni.com.tr\/en\/wp-content\/uploads\/sites\/2\/2023\/07\/toptan-kozmetik-satisi.webp","type":"image\/webp"}],"twitter_card":"summary_large_image","twitter_misc":{"Est. reading time":"3 minutes"},"schema":{"@context":"https:\/\/schema.org","@graph":[{"@type":["WebPage","FAQPage"],"@id":"https:\/\/heni.com.tr\/en\/wholesale-cosmetics-sale\/","url":"https:\/\/heni.com.tr\/en\/wholesale-cosmetics-sale\/","name":"Wholesale Cosmetics Sale: Profitable business! l Heni Cosmetics 1","isPartOf":{"@id":"https:\/\/heni.com.tr\/en\/#website"},"primaryImageOfPage":{"@id":"https:\/\/heni.com.tr\/en\/wholesale-cosmetics-sale\/#primaryimage"},"image":{"@id":"https:\/\/heni.com.tr\/en\/wholesale-cosmetics-sale\/#primaryimage"},"thumbnailUrl":"https:\/\/heni.com.tr\/en\/wp-content\/uploads\/sites\/2\/2023\/07\/toptan-kozmetik-satisi.webp","datePublished":"2023-07-23T20:49:57+00:00","dateModified":"2023-07-23T20:49:58+00:00","description":"Grow your business with wholesale cosmetics sale! You can order cosmetics at affordable prices and high quality guaranteed from the factory.","breadcrumb":{"@id":"https:\/\/heni.com.tr\/en\/wholesale-cosmetics-sale\/#breadcrumb"},"mainEntity":[{"@id":"https:\/\/heni.com.tr\/en\/wholesale-cosmetics-sale\/#faq-question-1689611962332"},{"@id":"https:\/\/heni.com.tr\/en\/wholesale-cosmetics-sale\/#faq-question-1689612017680"}],"inLanguage":"en-US","potentialAction":[{"@type":"ReadAction","target":["https:\/\/heni.com.tr\/en\/wholesale-cosmetics-sale\/"]}]},{"@type":"ImageObject","inLanguage":"en-US","@id":"https:\/\/heni.com.tr\/en\/wholesale-cosmetics-sale\/#primaryimage","url":"https:\/\/heni.com.tr\/en\/wp-content\/uploads\/sites\/2\/2023\/07\/toptan-kozmetik-satisi.webp","contentUrl":"https:\/\/heni.com.tr\/en\/wp-content\/uploads\/sites\/2\/2023\/07\/toptan-kozmetik-satisi.webp","width":500,"height":500,"caption":"\u00c7e\u015fitlilik ve Uygun Fiyatlarla Toptan Kozmetik Sat\u0131\u015f\u0131"},{"@type":"BreadcrumbList","@id":"https:\/\/heni.com.tr\/en\/wholesale-cosmetics-sale\/#breadcrumb","itemListElement":[{"@type":"ListItem","position":1,"name":"Anasayfa","item":"https:\/\/heni.com.tr\/en\/"},{"@type":"ListItem","position":2,"name":"Wholesale Cosmetics Sale : Profitable business opportunity!"}]},{"@type":"WebSite","@id":"https:\/\/heni.com.tr\/en\/#website","url":"https:\/\/heni.com.tr\/en\/","name":"Heni Cosmetics Chemical Industry","description":"Cleaning &amp; Cosmetics Manufacturer","potentialAction":[{"@type":"SearchAction","target":{"@type":"EntryPoint","urlTemplate":"https:\/\/heni.com.tr\/en\/?s={search_term_string}"},"query-input":{"@type":"PropertyValueSpecification","valueRequired":true,"valueName":"search_term_string"}}],"inLanguage":"en-US"},{"@type":"Question","@id":"https:\/\/heni.com.tr\/en\/wholesale-cosmetics-sale\/#faq-question-1689611962332","position":1,"url":"https:\/\/heni.com.tr\/en\/wholesale-cosmetics-sale\/#faq-question-1689611962332","name":"What documents are required to sell cosmetic products?","answerCount":1,"acceptedAnswer":{"@type":"Answer","text":"In order to be able to sell, it will be enough to be a taxpayer. Thus, you can sell the products you buy from <strong><a href=\"https:\/\/heni.com.tr\/en\/\" target=\"_blank\" rel=\"noreferrer noopener\">cosmetics factories<\/a><\/strong> wholesale.","inLanguage":"en-US"},"inLanguage":"en-US"},{"@type":"Question","@id":"https:\/\/heni.com.tr\/en\/wholesale-cosmetics-sale\/#faq-question-1689612017680","position":2,"url":"https:\/\/heni.com.tr\/en\/wholesale-cosmetics-sale\/#faq-question-1689612017680","name":"I want to sell cosmetics abroad, is this possible?","answerCount":1,"acceptedAnswer":{"@type":"Answer","text":"Selling abroad can be challenging if you are not experienced. Each country has its own import procedures. For this reason, we recommend that you get professional support.","inLanguage":"en-US"},"inLanguage":"en-US"}]}},"_links":{"self":[{"href":"https:\/\/heni.com.tr\/en\/wp-json\/wp\/v2\/pages\/1388","targetHints":{"allow":["GET"]}}],"collection":[{"href":"https:\/\/heni.com.tr\/en\/wp-json\/wp\/v2\/pages"}],"about":[{"href":"https:\/\/heni.com.tr\/en\/wp-json\/wp\/v2\/types\/page"}],"author":[{"embeddable":true,"href":"https:\/\/heni.com.tr\/en\/wp-json\/wp\/v2\/users\/1"}],"replies":[{"embeddable":true,"href":"https:\/\/heni.com.tr\/en\/wp-json\/wp\/v2\/comments?post=1388"}],"version-history":[{"count":0,"href":"https:\/\/heni.com.tr\/en\/wp-json\/wp\/v2\/pages\/1388\/revisions"}],"wp:featuredmedia":[{"embeddable":true,"href":"https:\/\/heni.com.tr\/en\/wp-json\/wp\/v2\/media\/1379"}],"wp:attachment":[{"href":"https:\/\/heni.com.tr\/en\/wp-json\/wp\/v2\/media?parent=1388"}],"curies":[{"name":"wp","href":"https:\/\/api.w.org\/{rel}","templated":true}]}}